{"id":2,"date":"2026-04-23T11:08:38","date_gmt":"2026-04-23T11:08:38","guid":{"rendered":"https:\/\/kuopionmetsavaki.fi\/?page_id=2"},"modified":"2026-04-25T09:12:46","modified_gmt":"2026-04-25T09:12:46","slug":"sample-page","status":"publish","type":"page","link":"https:\/\/kuopionmetsavaki.fi\/","title":{"rendered":"Meid\u00e4n mets\u00e4! festivaali"},"content":{"rendered":"\n<figure class=\"wp-block-image alignfull size-large cc-hide-on-mobile cc-hide-on-tablet\"><img loading=\"lazy\" decoding=\"async\" width=\"1024\" height=\"256\" src=\"https:\/\/kuopionmetsavaki.fi\/wp-content\/uploads\/2026\/04\/Meidan_metsa_netti_ylabanneri_2000x500_2-1-1024x256.jpg\" alt=\"\" class=\"wp-image-128\" srcset=\"https:\/\/kuopionmetsavaki.fi\/wp-content\/uploads\/2026\/04\/Meidan_metsa_netti_ylabanneri_2000x500_2-1-1024x256.jpg 1024w, https:\/\/kuopionmetsavaki.fi\/wp-content\/uploads\/2026\/04\/Meidan_metsa_netti_ylabanneri_2000x500_2-1-300x75.jpg 300w, https:\/\/kuopionmetsavaki.fi\/wp-content\/uploads\/2026\/04\/Meidan_metsa_netti_ylabanneri_2000x500_2-1-768x192.jpg 768w, https:\/\/kuopionmetsavaki.fi\/wp-content\/uploads\/2026\/04\/Meidan_metsa_netti_ylabanneri_2000x500_2-1-1536x384.jpg 1536w, https:\/\/kuopionmetsavaki.fi\/wp-content\/uploads\/2026\/04\/Meidan_metsa_netti_ylabanneri_2000x500_2-1.jpg 2000w\" sizes=\"auto, (max-width: 1024px) 100vw, 1024px\" \/><\/figure>\n\n\n\n<figure class=\"wp-block-image alignfull size-large cc-hide-on-desktop\"><img loading=\"lazy\" decoding=\"async\" width=\"1024\" height=\"365\" src=\"https:\/\/kuopionmetsavaki.fi\/wp-content\/uploads\/2026\/04\/Meidan_metsa_netti_ylabanneri_2000x500_2-copy-1024x365.jpg\" alt=\"\" class=\"wp-image-131\" srcset=\"https:\/\/kuopionmetsavaki.fi\/wp-content\/uploads\/2026\/04\/Meidan_metsa_netti_ylabanneri_2000x500_2-copy-1024x365.jpg 1024w, https:\/\/kuopionmetsavaki.fi\/wp-content\/uploads\/2026\/04\/Meidan_metsa_netti_ylabanneri_2000x500_2-copy-300x107.jpg 300w, https:\/\/kuopionmetsavaki.fi\/wp-content\/uploads\/2026\/04\/Meidan_metsa_netti_ylabanneri_2000x500_2-copy-768x274.jpg 768w, https:\/\/kuopionmetsavaki.fi\/wp-content\/uploads\/2026\/04\/Meidan_metsa_netti_ylabanneri_2000x500_2-copy.jpg 1402w\" sizes=\"auto, (max-width: 1024px) 100vw, 1024px\" \/><\/figure>\n\n\n\n<div class=\"wp-block-group is-nowrap is-layout-flex wp-container-core-group-is-layout-6c531013 wp-block-group-is-layout-flex\">\n<div style=\"margin-top:var(--wp--preset--spacing--40);margin-bottom:var(--wp--preset--spacing--40)\" aria-hidden=\"true\" class=\"wp-block-spacer wp-container-content-9cfa9a5a\"><\/div>\n\n\n\n<p><\/p>\n<\/div>\n\n\n\n<p>T\u00c4H\u00c4N KUVAUS TAPAHTUMASTA: Lorem ipsum dolor sit amet, consectetur adipisci elit, sed eiusmod tempor incidunt ut labore et dolore magna aliqua. Ut enim ad minim veniam, quis nostrud exercitation ullamco laboris nisi ut aliquid ex ea commodi consequat. Quis aute iure reprehenderit in voluptate velit esse cillum dolore eu fugiat nulla pariatur. Excepteur sint obcaecat cupiditat non provident, sunt in culpa qui official deserunt mollit anim id est laborum.<\/p>\n\n\n\n<p>Lorem ipsum dolor sit amet, consectetur adipisci elit, sed eiusmod tempor incidunt ut labore et dolore magna aliqua. Ut enim ad minim veniam, quis nostrud exercitation ullamco laboris nisi ut aliquid ex ea commodi consequat. Quis aute iure reprehenderit in voluptate velit esse cillum dolore eu fugiat nulla pariatur. Excepteur sint obcaecat cupiditat non provident, sunt in culpa qui official deserunt mollit anim id est laborum.<\/p>\n\n\n\n<div style=\"margin-top:var(--wp--preset--spacing--60);margin-bottom:var(--wp--preset--spacing--60)\" aria-hidden=\"true\" class=\"wp-block-spacer\"><\/div>\n\n\n\n<p><\/p>\n\n\n\n<p><\/p>\n\n\n\n<div class=\"wp-block-group alignfull is-style-default has-small-font-size has-global-padding is-content-justification-center is-layout-constrained wp-container-core-group-is-layout-cd619742 wp-block-group-is-layout-constrained\" style=\"border-style:none;border-width:0px;border-top-left-radius:0px;border-top-right-radius:0px;border-bottom-left-radius:0px;border-bottom-right-radius:0px;min-height:0px;margin-top:0;margin-bottom:0;padding-top:0;padding-right:0;padding-bottom:0;padding-left:0\">\n<div class=\"wp-block-group alignfull is-layout-grid wp-container-core-group-is-layout-18d32c6b wp-block-group-is-layout-grid\" style=\"padding-top:0;padding-right:0;padding-bottom:0;padding-left:0\">\n<figure class=\"wp-block-gallery has-nested-images columns-default is-cropped wp-block-gallery-1 is-layout-flex wp-block-gallery-is-layout-flex\">\n<figure class=\"wp-block-image size-full\"><img decoding=\"async\" src=\"https:\/\/kuopionmetsavaki.fi\/wp-content\/themes\/twentytwentyfive\/assets\/images\/flower-meadow-square.webp\" alt=\"Photo of a field full of flowers, a blue sky and a tree.\" style=\"aspect-ratio:1;object-fit:cover\"\/><\/figure>\n<\/figure>\n\n\n\n<figure class=\"wp-block-image size-full\"><img loading=\"lazy\" decoding=\"async\" width=\"1345\" height=\"1763\" src=\"https:\/\/kuopionmetsavaki.fi\/wp-content\/uploads\/2026\/04\/260224pnvek26-1.jpg-copy-1.jpg\" alt=\"\" class=\"wp-image-113\" style=\"aspect-ratio:1;object-fit:cover\" srcset=\"https:\/\/kuopionmetsavaki.fi\/wp-content\/uploads\/2026\/04\/260224pnvek26-1.jpg-copy-1.jpg 1345w, https:\/\/kuopionmetsavaki.fi\/wp-content\/uploads\/2026\/04\/260224pnvek26-1.jpg-copy-1-229x300.jpg 229w, https:\/\/kuopionmetsavaki.fi\/wp-content\/uploads\/2026\/04\/260224pnvek26-1.jpg-copy-1-781x1024.jpg 781w, https:\/\/kuopionmetsavaki.fi\/wp-content\/uploads\/2026\/04\/260224pnvek26-1.jpg-copy-1-768x1007.jpg 768w, https:\/\/kuopionmetsavaki.fi\/wp-content\/uploads\/2026\/04\/260224pnvek26-1.jpg-copy-1-1172x1536.jpg 1172w\" sizes=\"auto, (max-width: 1345px) 100vw, 1345px\" \/><\/figure>\n\n\n\n<figure class=\"wp-block-image size-full\"><img decoding=\"async\" src=\"https:\/\/kuopionmetsavaki.fi\/wp-content\/themes\/twentytwentyfive\/assets\/images\/agenda-img-4.webp\" alt=\"Portrait of an African Woman dressed in traditional costume, wearing decorative jewelry.\" style=\"aspect-ratio:1;object-fit:cover\"\/><\/figure>\n\n\n\n<figure class=\"wp-block-image size-full\"><img decoding=\"async\" src=\"https:\/\/kuopionmetsavaki.fi\/wp-content\/themes\/twentytwentyfive\/assets\/images\/parthenon-square.webp\" alt=\"The Acropolis of Athens.\" style=\"aspect-ratio:1;object-fit:cover\"\/><\/figure>\n\n\n\n<figure class=\"wp-block-image size-full\"><img decoding=\"async\" src=\"https:\/\/kuopionmetsavaki.fi\/wp-content\/themes\/twentytwentyfive\/assets\/images\/dallas-creek-square.webp\" alt=\"Close up of two flowers on a dark background.\" style=\"aspect-ratio:1;object-fit:cover\"\/><\/figure>\n\n\n\n<figure class=\"wp-block-image size-full\"><img decoding=\"async\" src=\"https:\/\/kuopionmetsavaki.fi\/wp-content\/themes\/twentytwentyfive\/assets\/images\/marshland-birds-square.webp\" alt=\"Birds on a lake.\" style=\"aspect-ratio:1;object-fit:cover\"\/><\/figure>\n\n\n\n<figure class=\"wp-block-image size-full\"><img decoding=\"async\" src=\"https:\/\/kuopionmetsavaki.fi\/wp-content\/themes\/twentytwentyfive\/assets\/images\/coral-square.webp\" alt=\"View of the deep ocean.\" style=\"aspect-ratio:1;object-fit:cover\"\/><\/figure>\n\n\n\n<figure class=\"wp-block-image size-full\"><img decoding=\"async\" src=\"https:\/\/kuopionmetsavaki.fi\/wp-content\/themes\/twentytwentyfive\/assets\/images\/flower-meadow-square.webp\" alt=\"Photo of a field full of flowers, a blue sky and a tree.\" style=\"aspect-ratio:1;object-fit:cover\"\/><\/figure>\n<\/div>\n\n\n\n<h2 class=\"wp-block-heading alignfull has-text-align-center is-style-text-display has-contrast-color has-custom-color-3-background-color has-text-color has-background has-link-color has-x-large-font-size wp-elements-64c9616349c4b9d63954b92b17e641a0 is-style-text-display--2\"><a href=\"http:\/\/kuopionmetsavaki.fi\" data-type=\"link\" data-id=\"kuopionmetsavaki.fi\"><strong>Tutustu ohjelmaan<\/strong><\/a><\/h2>\n<\/div>\n\n\n\n<div class=\"wp-block-group alignfull has-global-padding is-layout-constrained wp-container-core-group-is-layout-ebee8dc1 wp-block-group-is-layout-constrained\" style=\"margin-top:0;margin-bottom:0;padding-top:var(--wp--preset--spacing--50);padding-bottom:var(--wp--preset--spacing--50)\">\n<div style=\"margin-top:var(--wp--preset--spacing--30);margin-bottom:var(--wp--preset--spacing--30);height:0px\" aria-hidden=\"true\" class=\"wp-block-spacer\"><\/div>\n\n\n\n<h2 class=\"wp-block-heading alignwide has-text-align-center has-x-large-font-size\">Aikataulu<\/h2>\n\n\n\n<div class=\"wp-block-columns alignwide is-layout-flex wp-container-core-columns-is-layout-28f84493 wp-block-columns-is-layout-flex\">\n<div class=\"wp-block-column is-layout-flow wp-block-column-is-layout-flow\">\n<h3 class=\"wp-block-heading has-x-large-font-size\">Lepakkolava<\/h3>\n\n\n\n<p class=\"has-large-font-size\">Klo 12 <strong>B\u00c4NDI 1<\/strong><\/p>\n\n\n\n<p class=\"has-large-font-size\">Klo 14<\/p>\n\n\n\n<p>Klo 16<\/p>\n\n\n\n<p>Klo 18<\/p>\n\n\n\n<p>Klo 20<\/p>\n<\/div>\n\n\n\n<div class=\"wp-block-column is-layout-flow wp-block-column-is-layout-flow\">\n<h3 class=\"wp-block-heading has-x-large-font-size\">Liito-oravalava<\/h3>\n\n\n\n<p class=\"has-large-font-size\">Klo 13 <strong>B\u00c4NDI 1<\/strong><\/p>\n\n\n\n<p class=\"has-large-font-size\">Klo 15<\/p>\n\n\n\n<p>Klo 17<\/p>\n\n\n\n<p>Klo 19<\/p>\n<\/div>\n\n\n\n<div class=\"wp-block-column is-layout-flow wp-block-column-is-layout-flow\">\n<h3 class=\"wp-block-heading has-x-large-font-size\">Ty\u00f6pajat<\/h3>\n\n\n\n<p class=\"has-large-font-size\">Klo 13<\/p>\n\n\n\n<p>Klo 17<\/p>\n\n\n\n<p><\/p>\n<\/div>\n<\/div>\n<\/div>\n\n\n\n<div class=\"wp-block-group alignfull has-custom-color-2-background-color has-background has-global-padding is-layout-constrained wp-block-group-is-layout-constrained\" style=\"margin-top:0;margin-bottom:0;padding-top:var(--wp--preset--spacing--50);padding-bottom:var(--wp--preset--spacing--50)\">\n<div class=\"wp-block-columns alignwide is-layout-flex wp-container-core-columns-is-layout-47c06fe3 wp-block-columns-is-layout-flex\">\n<div class=\"wp-block-column is-layout-flow wp-block-column-is-layout-flow\" style=\"flex-basis:56%\">\n<figure class=\"wp-block-image size-full\"><img decoding=\"async\" src=\"https:\/\/kuopionmetsavaki.fi\/wp-content\/themes\/twentytwentyfive\/assets\/images\/botany-flowers.webp\" alt=\"Picture of a flower\" style=\"aspect-ratio:1;object-fit:cover\"\/><\/figure>\n<\/div>\n\n\n\n<div class=\"wp-block-column is-vertically-aligned-center is-layout-flow wp-container-core-column-is-layout-119bc444 wp-block-column-is-layout-flow\">\n<h2 class=\"wp-block-heading\">Saapumisohjeet<\/h2>\n\n\n\n<p>T\u00e4h\u00e4n joku kartta ja ohjeet miten tapahtumapaikalle p\u00e4\u00e4see k\u00e4vellen \/ busseilla \/ py\u00f6r\u00e4ll\u00e4 jne. Jos tarvitsee useita karttoja tai kuvia, niin voidaan koota kaikki tieto erilliselle sivulle, ja pit\u00e4\u00e4 t\u00e4ss\u00e4 tiivistelm\u00e4.<\/p>\n\n\n\n<div class=\"wp-block-buttons is-layout-flex wp-block-buttons-is-layout-flex\">\n<div class=\"wp-block-button is-style-fill\"><a class=\"wp-block-button__link has-custom-color-1-background-color has-background wp-element-button\">Learn more<\/a><\/div>\n<\/div>\n\n\n\n<p><\/p>\n<\/div>\n<\/div>\n<\/div>\n\n\n\n<div class=\"wp-block-group alignfull has-global-padding is-layout-constrained wp-block-group-is-layout-constrained\" style=\"margin-top:0;margin-bottom:0\">\n<div class=\"wp-block-group alignwide is-layout-grid wp-container-core-group-is-layout-5fdb10e5 wp-block-group-is-layout-grid\" style=\"padding-top:var(--wp--preset--spacing--50);padding-bottom:var(--wp--preset--spacing--50)\">\n<div class=\"wp-block-group is-vertical is-content-justification-stretch is-nowrap is-layout-flex wp-container-core-group-is-layout-627337ab wp-block-group-is-layout-flex\">\n<div class=\"wp-block-group is-vertical is-content-justification-left is-layout-flex wp-container-core-group-is-layout-dd225191 wp-block-group-is-layout-flex\">\n<p><\/p>\n\n\n\n<p><\/p>\n\n\n\n<p><\/p>\n\n\n\n<p class=\"is-style-text-subtitle is-style-text-subtitle--3\"><strong>Vaihtoehtokaava<\/strong><\/p>\n\n\n\n<p class=\"is-style-text-subtitle has-large-font-size is-style-text-subtitle--4\">T\u00e4h\u00e4n tiiviisti tietoa vaihtoehtokaavasta, ja linkki elonkirjonkaupungin sivuille.<\/p>\n\n\n\n<div class=\"wp-block-buttons is-content-justification-center is-layout-flex wp-container-core-buttons-is-layout-a89b3969 wp-block-buttons-is-layout-flex\">\n<div class=\"wp-block-button\"><a class=\"wp-block-button__link has-custom-color-1-background-color has-background wp-element-button\" style=\"padding-right:var(--wp--preset--spacing--50);padding-left:var(--wp--preset--spacing--50)\">Lue lis\u00e4\u00e4 vaihtoehtokaavasta<\/a><\/div>\n<\/div>\n<\/div>\n\n\n\n<p><\/p>\n<\/div>\n\n\n\n<figure class=\"wp-block-image size-full\"><img loading=\"lazy\" decoding=\"async\" width=\"1345\" height=\"1763\" src=\"https:\/\/kuopionmetsavaki.fi\/wp-content\/uploads\/2026\/04\/260224pnvek26.jpg-copy.jpg\" alt=\"\" class=\"wp-image-81\" style=\"aspect-ratio:3\/4;object-fit:cover\" srcset=\"https:\/\/kuopionmetsavaki.fi\/wp-content\/uploads\/2026\/04\/260224pnvek26.jpg-copy.jpg 1345w, https:\/\/kuopionmetsavaki.fi\/wp-content\/uploads\/2026\/04\/260224pnvek26.jpg-copy-229x300.jpg 229w, https:\/\/kuopionmetsavaki.fi\/wp-content\/uploads\/2026\/04\/260224pnvek26.jpg-copy-781x1024.jpg 781w, https:\/\/kuopionmetsavaki.fi\/wp-content\/uploads\/2026\/04\/260224pnvek26.jpg-copy-768x1007.jpg 768w, https:\/\/kuopionmetsavaki.fi\/wp-content\/uploads\/2026\/04\/260224pnvek26.jpg-copy-1172x1536.jpg 1172w\" sizes=\"auto, (max-width: 1345px) 100vw, 1345px\" \/><\/figure>\n<\/div>\n<\/div>\n\n\n\n<h2 class=\"wp-block-heading alignfull has-custom-color-3-background-color has-background has-small-font-size\"><a href=\"http:\/\/kuopionmetsanvaki.fi\" data-type=\"link\" data-id=\"kuopionmetsanvaki.fi\">Lue lis\u00e4\u00e4 Kuopion mets\u00e4v\u00e4est\u00e4<\/a><\/h2>\n\n\n\n<p><\/p>\n","protected":false},"excerpt":{"rendered":"<p>T\u00c4H\u00c4N KUVAUS TAPAHTUMASTA: Lorem ipsum dolor sit amet, consectetur adipisci elit, sed eiusmod tempor incidunt ut labore et dolore magna aliqua. Ut enim ad minim veniam, quis nostrud exercitation ullamco laboris nisi ut aliquid ex ea commodi consequat. Quis aute iure reprehenderit in voluptate velit esse cillum dolore eu fugiat nulla pariatur. Excepteur sint obcaecat [&hellip;]<\/p>\n","protected":false},"author":1,"featured_media":0,"parent":0,"menu_order":0,"comment_status":"closed","ping_status":"open","template":"","meta":{"footnotes":""},"class_list":["post-2","page","type-page","status-publish","hentry"],"_links":{"self":[{"href":"https:\/\/kuopionmetsavaki.fi\/index.php?rest_route=\/wp\/v2\/pages\/2","targetHints":{"allow":["GET"]}}],"collection":[{"href":"https:\/\/kuopionmetsavaki.fi\/index.php?rest_route=\/wp\/v2\/pages"}],"about":[{"href":"https:\/\/kuopionmetsavaki.fi\/index.php?rest_route=\/wp\/v2\/types\/page"}],"author":[{"embeddable":true,"href":"https:\/\/kuopionmetsavaki.fi\/index.php?rest_route=\/wp\/v2\/users\/1"}],"replies":[{"embeddable":true,"href":"https:\/\/kuopionmetsavaki.fi\/index.php?rest_route=%2Fwp%2Fv2%2Fcomments&post=2"}],"version-history":[{"count":65,"href":"https:\/\/kuopionmetsavaki.fi\/index.php?rest_route=\/wp\/v2\/pages\/2\/revisions"}],"predecessor-version":[{"id":134,"href":"https:\/\/kuopionmetsavaki.fi\/index.php?rest_route=\/wp\/v2\/pages\/2\/revisions\/134"}],"wp:attachment":[{"href":"https:\/\/kuopionmetsavaki.fi\/index.php?rest_route=%2Fwp%2Fv2%2Fmedia&parent=2"}],"curies":[{"name":"wp","href":"https:\/\/api.w.org\/{rel}","templated":true}]}}